{"id":12013,"date":"2020-05-13T10:57:49","date_gmt":"2020-05-13T08:57:49","guid":{"rendered":"https:\/\/nouret.max-design.ro\/hestia-front\/"},"modified":"2020-05-16T17:15:11","modified_gmt":"2020-05-16T15:15:11","slug":"hestia-front","status":"publish","type":"page","link":"https:\/\/nouret.max-design.ro\/en\/","title":{"rendered":"Front Page"},"content":{"rendered":"<p><img decoding=\"async\" width=\"300\" height=\"158\" src=\"https:\/\/nouret.max-design.ro\/wp-content\/uploads\/2020\/02\/Post-d\u00e9voilement-du-classement-20.02.2020-Facebook-1-300x158.jpg\" alt=\"\" \/>\t\t\t\t\t\t\t\t\t\t\t<\/p>\n<h2>Grand vin du M\u00e9doc<\/h2>\n<h2>Notre Terroir, Notre Avenir<\/h2>\n<p style=\"text-align: center\"><b>Le Ch\u00e2teau<\/b><strong> Nouret class\u00e9 Cru Bourgeois est une propri\u00e9t\u00e9\u00a0<\/strong><strong>en AOC M\u00e9doc dont le vignoble s&rsquo;\u00e9tend sur une superficie\u00a0<\/strong><strong>totale<\/strong><strong style=\"font-size: inherit\">\u00a0de 21 hectares .\u00a0<\/strong><\/p>\n<p style=\"text-align: center\"><strong>Le domaine se situe entre l\u2019estuaire de la Gironde et l\u2019oc\u00e9an Atlantique sur les communes de Civrac en M\u00e9doc, B\u00e9gadan et Valeyrac.\u00a0<\/strong><\/p>\n<p style=\"text-align: center\"><strong>Depuis son rachat en 2012, le propri\u00e9taire, amateur passionn\u00e9 des Vins de Bordeaux, tend \u00e0 produire des vins qui valorisent l\u2019appellation avec de faibles rendements. Le respect de l\u2019environnement et la diminution des pesticides est \u00e9galement un objectif primordial.\u00a0<\/strong><\/p>\n<p style=\"text-align: center\"><b>Le domaine est lab\u00e9lis\u00e9 HVE niveau 3 depuis 2019. Qualifi\u00e9 de<\/b><b>\u00a0\u00ab Haute Valeur Environnementale \u00bb, est fond\u00e9 sur des indicateurs de r\u00e9sultats relatifs \u00e0 la biodiversit\u00e9, la strat\u00e9gie phytosanitaire, la gestion de la fertilisation et de l\u2019irrigation.<\/b><\/p>\n<p style=\"text-align: center\"><b>Le laboratoire d&rsquo;oenologie Eric Boissenot accompagne Le Ch\u00e2teau Nouret depuis le d\u00e9but de l&rsquo;aventure.<\/b><\/p>\n<p style=\"text-align: center\">\n<figure><img fetchpriority=\"high\" decoding=\"async\" width=\"500\" height=\"500\" src=\"https:\/\/nouret.max-design.ro\/wp-content\/uploads\/2019\/12\/hve_coul.png\" alt=\"\" \/><\/figure>\n<h3>Commentaire de d\u00e9gustation sur notre Ch\u00e2teau Nouret 2012 de Herman Dedapper, 1er Ma\u00eetre-Sommelier de Belgique et 3\u00e8me mondial,&nbsp;et Michel Praet, R\u00e9dacteur en Chef de Vins et Terroirs Authentiques :<\/h3>\n<p>\u00ab Robe rubis brillante, assez profonde et de bel \u00e9clat. Beaucoup de douceur et de charme dans ce nez envelopp\u00e9, qui m\u00eale avec bonheur les ar\u00f4mes de fraises et griottes confitur\u00e9es aux ar\u00f4mes lactiques et d\u2019\u00e9pices douces.<br \/>\nBien construit, s\u2019appuyant sur une charpente pr\u00e9sente mais distingu\u00e9e, ce cru s\u00e9rieux offre une concentration de mati\u00e8re appr\u00e9ciable, des saveurs de fruits cuits (prune, cerise) et une finale concentr\u00e9e agr\u00e9ablement persistante. Ce vin aujourd\u2019hui \u00e9panoui a conserv\u00e9 une fra\u00eecheur d\u2019ensemble appr\u00e9ciable. \u00bb<\/p>\n<p>\t\t\t<a href=\"https:\/\/nouret.max-design.ro\/en\/le-chateau\/\" target=\"_blank\" role=\"button\" rel=\"noopener noreferrer\"><br \/>\n\t\t\t\t\t\tD\u00e9couvrez notre histoire<br \/>\n\t\t\t\t\t<\/a><br \/>\n\t\t\t<a href=\"https:\/\/nouret.max-design.ro\/en\/blog\/\" target=\"_blank\" role=\"button\" rel=\"noopener noreferrer\"><br \/>\n\t\t\t\t\t\tSuivez notre actualit\u00e9<br \/>\n\t\t\t\t\t<\/a><br \/>\n\t\t\t<a href=\"https:\/\/www.instagram.com\/chateau.nouret\/\" target=\"_blank\" role=\"button\" rel=\"noopener noreferrer\"><br \/>\n\t\t\t\t\t\tSuivez-nous sur Instagram<br \/>\n\t\t\t\t\t<\/a><br \/>\n\t\t\t<a href=\"https:\/\/www.facebook.com\/chateaunouret\/?ref=br_rs\" target=\"_blank\" role=\"button\" rel=\"noopener noreferrer\"><br \/>\n\t\t\t\t\t\tSuivez-nous sur Facebook<br \/>\n\t\t\t\t\t<\/a><br \/>\n\t\t\t\t\t\t\t\t\t\t<img decoding=\"async\" width=\"750\" height=\"500\" src=\"https:\/\/nouret.max-design.ro\/wp-content\/uploads\/2018\/05\/Le-chai-1024x683-1024x683.jpg\" alt=\"\" \/><br \/>\n\t\t\t<a href=\"https:\/\/nouret.max-design.ro\/en\/les-vins\/\" role=\"button\"><br \/>\n\t\t\t\t\t\tD\u00e9couvrez les vins du Ch\u00e2teau Nouret<br \/>\n\t\t\t\t\t<\/a><\/p>","protected":false},"excerpt":{"rendered":"<p>Grand vin du M\u00e9doc Notre Terroir, Notre Avenir Le Ch\u00e2teau Nouret class\u00e9 Cru Bourgeois est une propri\u00e9t\u00e9\u00a0en AOC M\u00e9doc dont le vignoble s&rsquo;\u00e9tend sur une superficie\u00a0totale\u00a0de 21 hectares .\u00a0 Le domaine se situe entre l\u2019estuaire de la Gironde et l\u2019oc\u00e9an Atlantique sur les communes de Civrac en M\u00e9doc, B\u00e9gadan et [&hellip;]<\/p>\n","protected":false},"author":1,"featured_media":0,"parent":0,"menu_order":0,"comment_status":"closed","ping_status":"closed","template":"","meta":{"footnotes":""},"class_list":["post-12013","page","type-page","status-publish","hentry"],"yoast_head":"<!-- This site is optimized with the Yoast SEO plugin v27.3 - https:\/\/yoast.com\/product\/yoast-seo-wordpress\/ -->\n<title>%<\/title>\n<meta name=\"robots\" content=\"noindex, follow, max-snippet:-1, max-image-preview:large, max-video-preview:-1\" \/>\n<meta property=\"og:locale\" content=\"en_US\" \/>\n<meta property=\"og:type\" content=\"article\" \/>\n<meta property=\"og:title\" content=\"%\" \/>\n<meta property=\"og:description\" content=\"Grand vin du M\u00e9doc Notre Terroir, Notre Avenir Le Ch\u00e2teau Nouret class\u00e9 Cru Bourgeois est une propri\u00e9t\u00e9\u00a0en AOC M\u00e9doc dont le vignoble s&rsquo;\u00e9tend sur une superficie\u00a0totale\u00a0de 21 hectares .\u00a0 Le domaine se situe entre l\u2019estuaire de la Gironde et l\u2019oc\u00e9an Atlantique sur les communes de Civrac en M\u00e9doc, B\u00e9gadan et [&hellip;]\" \/>\n<meta property=\"og:url\" content=\"https:\/\/nouret.max-design.ro\/en\/\" \/>\n<meta property=\"og:site_name\" content=\"Castle Nouret\" \/>\n<meta property=\"article:publisher\" content=\"https:\/\/www.facebook.com\/chateaunouret\/\" \/>\n<meta property=\"article:modified_time\" content=\"2020-05-16T15:15:11+00:00\" \/>\n<meta property=\"og:image\" content=\"https:\/\/nouret.max-design.ro\/wp-content\/uploads\/2019\/12\/hve_coul.png\" \/>\n<meta name=\"twitter:card\" content=\"summary_large_image\" \/>\n<meta name=\"twitter:label1\" content=\"Est. reading time\" \/>\n\t<meta name=\"twitter:data1\" content=\"2 minutes\" \/>\n<script type=\"application\/ld+json\" class=\"yoast-schema-graph\">{\"@context\":\"https:\\\/\\\/schema.org\",\"@graph\":[{\"@type\":\"WebPage\",\"@id\":\"https:\\\/\\\/nouret.max-design.ro\\\/en\\\/\",\"url\":\"https:\\\/\\\/nouret.max-design.ro\\\/en\\\/\",\"name\":\"%\",\"isPartOf\":{\"@id\":\"https:\\\/\\\/nouret.max-design.ro\\\/en\\\/#website\"},\"primaryImageOfPage\":{\"@id\":\"https:\\\/\\\/nouret.max-design.ro\\\/en\\\/#primaryimage\"},\"image\":{\"@id\":\"https:\\\/\\\/nouret.max-design.ro\\\/en\\\/#primaryimage\"},\"thumbnailUrl\":\"https:\\\/\\\/nouret.max-design.ro\\\/wp-content\\\/uploads\\\/2019\\\/12\\\/hve_coul.png\",\"datePublished\":\"2020-05-13T08:57:49+00:00\",\"dateModified\":\"2020-05-16T15:15:11+00:00\",\"breadcrumb\":{\"@id\":\"https:\\\/\\\/nouret.max-design.ro\\\/en\\\/#breadcrumb\"},\"inLanguage\":\"en-US\",\"potentialAction\":[{\"@type\":\"ReadAction\",\"target\":[\"https:\\\/\\\/nouret.max-design.ro\\\/en\\\/\"]}]},{\"@type\":\"ImageObject\",\"inLanguage\":\"en-US\",\"@id\":\"https:\\\/\\\/nouret.max-design.ro\\\/en\\\/#primaryimage\",\"url\":\"https:\\\/\\\/nouret.max-design.ro\\\/wp-content\\\/uploads\\\/2019\\\/12\\\/hve_coul.png\",\"contentUrl\":\"https:\\\/\\\/nouret.max-design.ro\\\/wp-content\\\/uploads\\\/2019\\\/12\\\/hve_coul.png\"},{\"@type\":\"BreadcrumbList\",\"@id\":\"https:\\\/\\\/nouret.max-design.ro\\\/en\\\/#breadcrumb\",\"itemListElement\":[{\"@type\":\"ListItem\",\"position\":1,\"name\":\"Home\",\"item\":\"https:\\\/\\\/nouret.max-design.ro\\\/\"},{\"@type\":\"ListItem\",\"position\":2,\"name\":\"Front Page\"}]},{\"@type\":\"WebSite\",\"@id\":\"https:\\\/\\\/nouret.max-design.ro\\\/en\\\/#website\",\"url\":\"https:\\\/\\\/nouret.max-design.ro\\\/en\\\/\",\"name\":\"Castle Nouret\",\"description\":\"Civrac-en-M\u00e9doc\",\"publisher\":{\"@id\":\"https:\\\/\\\/nouret.max-design.ro\\\/en\\\/#organization\"},\"potentialAction\":[{\"@type\":\"SearchAction\",\"target\":{\"@type\":\"EntryPoint\",\"urlTemplate\":\"https:\\\/\\\/nouret.max-design.ro\\\/en\\\/?s={search_term_string}\"},\"query-input\":{\"@type\":\"PropertyValueSpecification\",\"valueRequired\":true,\"valueName\":\"search_term_string\"}}],\"inLanguage\":\"en-US\"},{\"@type\":\"Organization\",\"@id\":\"https:\\\/\\\/nouret.max-design.ro\\\/en\\\/#organization\",\"name\":\"Castle Nouret\",\"url\":\"https:\\\/\\\/nouret.max-design.ro\\\/en\\\/\",\"logo\":{\"@type\":\"ImageObject\",\"inLanguage\":\"en-US\",\"@id\":\"https:\\\/\\\/nouret.max-design.ro\\\/en\\\/#\\\/schema\\\/logo\\\/image\\\/\",\"url\":\"https:\\\/\\\/nouret.max-design.ro\\\/wp-content\\\/uploads\\\/2017\\\/10\\\/Logo.png\",\"contentUrl\":\"https:\\\/\\\/nouret.max-design.ro\\\/wp-content\\\/uploads\\\/2017\\\/10\\\/Logo.png\",\"width\":171,\"height\":81,\"caption\":\"Castle Nouret\"},\"image\":{\"@id\":\"https:\\\/\\\/nouret.max-design.ro\\\/en\\\/#\\\/schema\\\/logo\\\/image\\\/\"},\"sameAs\":[\"https:\\\/\\\/www.facebook.com\\\/chateaunouret\\\/\"]}]}<\/script>\n<!-- \/ Yoast SEO plugin. -->","yoast_head_json":{"title":"%","robots":{"index":"noindex","follow":"follow","max-snippet":"max-snippet:-1","max-image-preview":"max-image-preview:large","max-video-preview":"max-video-preview:-1"},"og_locale":"en_US","og_type":"article","og_title":"%","og_description":"Grand vin du M\u00e9doc Notre Terroir, Notre Avenir Le Ch\u00e2teau Nouret class\u00e9 Cru Bourgeois est une propri\u00e9t\u00e9\u00a0en AOC M\u00e9doc dont le vignoble s&rsquo;\u00e9tend sur une superficie\u00a0totale\u00a0de 21 hectares .\u00a0 Le domaine se situe entre l\u2019estuaire de la Gironde et l\u2019oc\u00e9an Atlantique sur les communes de Civrac en M\u00e9doc, B\u00e9gadan et [&hellip;]","og_url":"https:\/\/nouret.max-design.ro\/en\/","og_site_name":"Castle Nouret","article_publisher":"https:\/\/www.facebook.com\/chateaunouret\/","article_modified_time":"2020-05-16T15:15:11+00:00","og_image":[{"url":"https:\/\/nouret.max-design.ro\/wp-content\/uploads\/2019\/12\/hve_coul.png","type":"","width":"","height":""}],"twitter_card":"summary_large_image","twitter_misc":{"Est. reading time":"2 minutes"},"schema":{"@context":"https:\/\/schema.org","@graph":[{"@type":"WebPage","@id":"https:\/\/nouret.max-design.ro\/en\/","url":"https:\/\/nouret.max-design.ro\/en\/","name":"%","isPartOf":{"@id":"https:\/\/nouret.max-design.ro\/en\/#website"},"primaryImageOfPage":{"@id":"https:\/\/nouret.max-design.ro\/en\/#primaryimage"},"image":{"@id":"https:\/\/nouret.max-design.ro\/en\/#primaryimage"},"thumbnailUrl":"https:\/\/nouret.max-design.ro\/wp-content\/uploads\/2019\/12\/hve_coul.png","datePublished":"2020-05-13T08:57:49+00:00","dateModified":"2020-05-16T15:15:11+00:00","breadcrumb":{"@id":"https:\/\/nouret.max-design.ro\/en\/#breadcrumb"},"inLanguage":"en-US","potentialAction":[{"@type":"ReadAction","target":["https:\/\/nouret.max-design.ro\/en\/"]}]},{"@type":"ImageObject","inLanguage":"en-US","@id":"https:\/\/nouret.max-design.ro\/en\/#primaryimage","url":"https:\/\/nouret.max-design.ro\/wp-content\/uploads\/2019\/12\/hve_coul.png","contentUrl":"https:\/\/nouret.max-design.ro\/wp-content\/uploads\/2019\/12\/hve_coul.png"},{"@type":"BreadcrumbList","@id":"https:\/\/nouret.max-design.ro\/en\/#breadcrumb","itemListElement":[{"@type":"ListItem","position":1,"name":"Home","item":"https:\/\/nouret.max-design.ro\/"},{"@type":"ListItem","position":2,"name":"Front Page"}]},{"@type":"WebSite","@id":"https:\/\/nouret.max-design.ro\/en\/#website","url":"https:\/\/nouret.max-design.ro\/en\/","name":"Castle Nouret","description":"Civrac-en-M\u00e9doc","publisher":{"@id":"https:\/\/nouret.max-design.ro\/en\/#organization"},"potentialAction":[{"@type":"SearchAction","target":{"@type":"EntryPoint","urlTemplate":"https:\/\/nouret.max-design.ro\/en\/?s={search_term_string}"},"query-input":{"@type":"PropertyValueSpecification","valueRequired":true,"valueName":"search_term_string"}}],"inLanguage":"en-US"},{"@type":"Organization","@id":"https:\/\/nouret.max-design.ro\/en\/#organization","name":"Castle Nouret","url":"https:\/\/nouret.max-design.ro\/en\/","logo":{"@type":"ImageObject","inLanguage":"en-US","@id":"https:\/\/nouret.max-design.ro\/en\/#\/schema\/logo\/image\/","url":"https:\/\/nouret.max-design.ro\/wp-content\/uploads\/2017\/10\/Logo.png","contentUrl":"https:\/\/nouret.max-design.ro\/wp-content\/uploads\/2017\/10\/Logo.png","width":171,"height":81,"caption":"Castle Nouret"},"image":{"@id":"https:\/\/nouret.max-design.ro\/en\/#\/schema\/logo\/image\/"},"sameAs":["https:\/\/www.facebook.com\/chateaunouret\/"]}]}},"_links":{"self":[{"href":"https:\/\/nouret.max-design.ro\/en\/wp-json\/wp\/v2\/pages\/12013","targetHints":{"allow":["GET"]}}],"collection":[{"href":"https:\/\/nouret.max-design.ro\/en\/wp-json\/wp\/v2\/pages"}],"about":[{"href":"https:\/\/nouret.max-design.ro\/en\/wp-json\/wp\/v2\/types\/page"}],"author":[{"embeddable":true,"href":"https:\/\/nouret.max-design.ro\/en\/wp-json\/wp\/v2\/users\/1"}],"replies":[{"embeddable":true,"href":"https:\/\/nouret.max-design.ro\/en\/wp-json\/wp\/v2\/comments?post=12013"}],"version-history":[{"count":1,"href":"https:\/\/nouret.max-design.ro\/en\/wp-json\/wp\/v2\/pages\/12013\/revisions"}],"predecessor-version":[{"id":12068,"href":"https:\/\/nouret.max-design.ro\/en\/wp-json\/wp\/v2\/pages\/12013\/revisions\/12068"}],"wp:attachment":[{"href":"https:\/\/nouret.max-design.ro\/en\/wp-json\/wp\/v2\/media?parent=12013"}],"curies":[{"name":"wp","href":"https:\/\/api.w.org\/{rel}","templated":true}]}}